{"id":11939,"date":"2024-01-15T18:04:40","date_gmt":"2024-01-15T18:04:40","guid":{"rendered":"https:\/\/clients.websitespace.nl\/forkliftoccasion\/haendler-anmeldung\/"},"modified":"2024-04-26T10:18:21","modified_gmt":"2024-04-26T10:18:21","slug":"haendler-anmeldung","status":"publish","type":"page","link":"https:\/\/clients.websitespace.nl\/forkliftoccasion\/de\/haendler-anmeldung\/","title":{"rendered":"H\u00e4ndler-Anmeldung"},"content":{"rendered":"\t\t<div data-elementor-type=\"wp-page\" data-elementor-id=\"11939\" class=\"elementor elementor-11939 elementor-5980\" data-elementor-post-type=\"page\">\n\t\t\t\t\t\t<section class=\"elementor-section elementor-top-section elementor-element elementor-element-4abebbf elementor-section-full_width elementor-section-content-middle min-width elementor-section-height-default elementor-section-height-default\" data-id=\"4abebbf\" data-element_type=\"section\">\n\t\t\t\t\t\t<div class=\"elementor-container elementor-column-gap-default\">\n\t\t\t\t\t<div class=\"elementor-column elementor-col-100 elementor-top-column elementor-element elementor-element-9aa3c80\" data-id=\"9aa3c80\" data-element_type=\"column\">\n\t\t\t<div class=\"elementor-widget-wrap elementor-element-populated\">\n\t\t\t\t\t\t<section class=\"elementor-section elementor-inner-section elementor-element elementor-element-38c419f elementor-section-boxed elementor-section-height-default elementor-section-height-default\" data-id=\"38c419f\" data-element_type=\"section\">\n\t\t\t\t\t\t<div class=\"elementor-container elementor-column-gap-default\">\n\t\t\t\t\t<div class=\"elementor-column elementor-col-50 elementor-inner-column elementor-element elementor-element-b055c7d\" data-id=\"b055c7d\" data-element_type=\"column\" data-settings=\"{&quot;background_background&quot;:&quot;classic&quot;}\">\n\t\t\t<div class=\"elementor-widget-wrap elementor-element-populated\">\n\t\t\t\t\t\t<div class=\"elementor-element elementor-element-74cb8e1 elementor-widget elementor-widget-image\" data-id=\"74cb8e1\" data-element_type=\"widget\" data-widget_type=\"image.default\">\n\t\t\t\t<div class=\"elementor-widget-container\">\n\t\t\t\t\t\t\t\t\t\t\t\t\t\t\t<img fetchpriority=\"high\" decoding=\"async\" width=\"600\" height=\"205\" src=\"https:\/\/clients.websitespace.nl\/forkliftoccasion\/wp-content\/uploads\/2024\/01\/logo-white.png\" class=\"attachment-large size-large wp-image-9364\" alt=\"\" srcset=\"https:\/\/clients.websitespace.nl\/forkliftoccasion\/wp-content\/uploads\/2024\/01\/logo-white.png 600w, https:\/\/clients.websitespace.nl\/forkliftoccasion\/wp-content\/uploads\/2024\/01\/logo-white-300x103.png 300w\" sizes=\"(max-width: 600px) 100vw, 600px\" \/>\t\t\t\t\t\t\t\t\t\t\t\t\t\t\t<\/div>\n\t\t\t\t<\/div>\n\t\t\t\t<div class=\"elementor-element elementor-element-f911068 elementor-widget elementor-widget-heading\" data-id=\"f911068\" data-element_type=\"widget\" data-widget_type=\"heading.default\">\n\t\t\t\t<div class=\"elementor-widget-container\">\n\t\t\t\t\t<h2 class=\"elementor-heading-title elementor-size-default\">Willkommen bei ForkliftOccasion<\/h2>\t\t\t\t<\/div>\n\t\t\t\t<\/div>\n\t\t\t\t<div class=\"elementor-element elementor-element-f6a2590 elementor-widget elementor-widget-heading\" data-id=\"f6a2590\" data-element_type=\"widget\" data-widget_type=\"heading.default\">\n\t\t\t\t<div class=\"elementor-widget-container\">\n\t\t\t\t\t<h2 class=\"elementor-heading-title elementor-size-default\">Erstellen Sie ein Konto und werden Sie ein H\u00e4ndler.<\/h2>\t\t\t\t<\/div>\n\t\t\t\t<\/div>\n\t\t\t\t\t<\/div>\n\t\t<\/div>\n\t\t\t\t<div class=\"elementor-column elementor-col-50 elementor-inner-column elementor-element elementor-element-b9660af\" data-id=\"b9660af\" data-element_type=\"column\" id=\"delaer_form_wrap\">\n\t\t\t<div class=\"elementor-widget-wrap elementor-element-populated\">\n\t\t\t\t\t\t<div class=\"elementor-element elementor-element-501ad75 elementor-widget elementor-widget-heading\" data-id=\"501ad75\" data-element_type=\"widget\" id=\"form_title\" data-widget_type=\"heading.default\">\n\t\t\t\t<div class=\"elementor-widget-container\">\n\t\t\t\t\t<p class=\"elementor-heading-title elementor-size-default\">Registrierungsformular f\u00fcr H\u00e4ndler<\/p>\t\t\t\t<\/div>\n\t\t\t\t<\/div>\n\t\t\t\t<div class=\"elementor-element elementor-element-f83eb42 elementor-button-align-stretch elementor-widget elementor-widget-form\" data-id=\"f83eb42\" data-element_type=\"widget\" data-settings=\"{&quot;step_next_label&quot;:&quot;N\\u00e4chste&quot;,&quot;step_previous_label&quot;:&quot;Vorherige&quot;,&quot;button_width&quot;:&quot;100&quot;,&quot;step_type&quot;:&quot;number_text&quot;,&quot;step_icon_shape&quot;:&quot;circle&quot;}\" data-widget_type=\"form.default\">\n\t\t\t\t<div class=\"elementor-widget-container\">\n\t\t\t\t\t\t\t<form class=\"elementor-form\" method=\"post\" id=\"dealer_signup_form\" name=\"H\u00e4ndler_Registrierung\" aria-label=\"H\u00e4ndler_Registrierung\">\n\t\t\t<input type=\"hidden\" name=\"post_id\" value=\"11939\"\/>\n\t\t\t<input type=\"hidden\" name=\"form_id\" value=\"f83eb42\"\/>\n\t\t\t<input type=\"hidden\" name=\"referer_title\" value=\"\" \/>\n\n\t\t\t\n\t\t\t<div class=\"elementor-form-fields-wrapper elementor-labels-above\">\n\t\t\t\t\t\t\t\t<div class=\"elementor-field-type-text elementor-field-group elementor-column elementor-field-group-first_name elementor-col-50 elementor-field-required elementor-mark-required\">\n\t\t\t\t\t\t\t\t\t\t\t\t<label for=\"form-field-first_name\" class=\"elementor-field-label\">\n\t\t\t\t\t\t\t\tVorname\t\t\t\t\t\t\t<\/label>\n\t\t\t\t\t\t\t\t\t\t\t\t\t\t<input size=\"1\" type=\"text\" name=\"form_fields[first_name]\" id=\"form-field-first_name\" class=\"elementor-field elementor-size-sm  elementor-field-textual\" placeholder=\"Vorname\" required=\"required\">\n\t\t\t\t\t\t\t\t\t\t\t<\/div>\n\t\t\t\t\t\t\t\t<div class=\"elementor-field-type-text elementor-field-group elementor-column elementor-field-group-last_name elementor-col-50 elementor-field-required elementor-mark-required\">\n\t\t\t\t\t\t\t\t\t\t\t\t<label for=\"form-field-last_name\" class=\"elementor-field-label\">\n\t\t\t\t\t\t\t\tNachname\t\t\t\t\t\t\t<\/label>\n\t\t\t\t\t\t\t\t\t\t\t\t\t\t<input size=\"1\" type=\"text\" name=\"form_fields[last_name]\" id=\"form-field-last_name\" class=\"elementor-field elementor-size-sm  elementor-field-textual\" placeholder=\"Nachname\" required=\"required\">\n\t\t\t\t\t\t\t\t\t\t\t<\/div>\n\t\t\t\t\t\t\t\t<div class=\"elementor-field-type-email elementor-field-group elementor-column elementor-field-group-email elementor-col-100 elementor-field-required elementor-mark-required\">\n\t\t\t\t\t\t\t\t\t\t\t\t<label for=\"form-field-email\" class=\"elementor-field-label\">\n\t\t\t\t\t\t\t\tE-Mail\t\t\t\t\t\t\t<\/label>\n\t\t\t\t\t\t\t\t\t\t\t\t\t\t<input size=\"1\" type=\"email\" name=\"form_fields[email]\" id=\"form-field-email\" class=\"elementor-field elementor-size-sm  elementor-field-textual\" placeholder=\"E-Mail\" required=\"required\">\n\t\t\t\t\t\t\t\t\t\t\t<\/div>\n\t\t\t\t\t\t\t\t<div class=\"elementor-field-type-text elementor-field-group elementor-column elementor-field-group-username elementor-col-100 elementor-field-required elementor-mark-required\">\n\t\t\t\t\t\t\t\t\t\t\t\t<label for=\"form-field-username\" class=\"elementor-field-label\">\n\t\t\t\t\t\t\t\tBenutzername\t\t\t\t\t\t\t<\/label>\n\t\t\t\t\t\t\t\t\t\t\t\t\t\t<input size=\"1\" type=\"text\" name=\"form_fields[username]\" id=\"form-field-username\" class=\"elementor-field elementor-size-sm  elementor-field-textual\" placeholder=\"Benutzername\" required=\"required\">\n\t\t\t\t\t\t\t\t\t\t\t<\/div>\n\t\t\t\t\t\t\t\t<div class=\"elementor-field-type-password elementor-field-group elementor-column elementor-field-group-password elementor-col-100 elementor-field-required elementor-mark-required\">\n\t\t\t\t\t\t\t\t\t\t\t\t<label for=\"form-field-password\" class=\"elementor-field-label\">\n\t\t\t\t\t\t\t\tPasswort\t\t\t\t\t\t\t<\/label>\n\t\t\t\t\t\t\t\t\t\t\t\t\t\t<input size=\"1\" type=\"password\" name=\"form_fields[password]\" id=\"form-field-password\" class=\"elementor-field elementor-size-sm  elementor-field-textual\" placeholder=\"Passwort\" required=\"required\">\n\t\t\t\t\t\t\t\t\t\t\t<\/div>\n\t\t\t\t\t\t\t\t<div class=\"elementor-field-group elementor-column elementor-field-type-submit elementor-col-100 e-form__buttons\">\n\t\t\t\t\t<button class=\"elementor-button elementor-size-sm\" type=\"submit\">\n\t\t\t\t\t\t<span class=\"elementor-button-content-wrapper\">\n\t\t\t\t\t\t\t\t\t\t\t\t\t\t\t\t\t\t\t\t\t\t<span class=\"elementor-button-text\">Registrieren Sie sich<\/span>\n\t\t\t\t\t\t\t\t\t\t\t\t\t<\/span>\n\t\t\t\t\t<\/button>\n\t\t\t\t<\/div>\n\t\t\t<\/div>\n\t\t<\/form>\n\t\t\t\t\t\t<\/div>\n\t\t\t\t<\/div>\n\t\t\t\t<div class=\"elementor-element elementor-element-a2dedda elementor-widget elementor-widget-html\" data-id=\"a2dedda\" data-element_type=\"widget\" data-widget_type=\"html.default\">\n\t\t\t\t<div class=\"elementor-widget-container\">\n\t\t\t\t\t<script>jQuery(document).ready(function($){\n        var form_col = $('#delaer_form_wrap');\n        var form = $('#dealer_signup_form');\n        $(document).on('submit_success', '#dealer_signup_form', function(e){\n            form.hide();\n            let html = '<h2 style=\"color:green; text-align:center; margin-top:100px\">\\\n            Success: Registration Complete.<\/h2>\\\n            <p style=\"font-size:1.5rem\">Please check your inbox for details.<\/p>';\n            \n            $('#form_title').find('.elementor-widget-container').html(html);\n            \n            \n        });\n    });\n<\/script>\t\t\t\t<\/div>\n\t\t\t\t<\/div>\n\t\t\t\t\t<\/div>\n\t\t<\/div>\n\t\t\t\t\t<\/div>\n\t\t<\/section>\n\t\t\t\t\t<\/div>\n\t\t<\/div>\n\t\t\t\t\t<\/div>\n\t\t<\/section>\n\t\t\t\t<\/div>\n\t\t","protected":false},"excerpt":{"rendered":"<p>Willkommen bei ForkliftOccasion Erstellen Sie ein Konto und werden Sie ein H\u00e4ndler. Registrierungsformular f\u00fcr H\u00e4ndler<\/p>\n","protected":false},"author":1,"featured_media":0,"parent":0,"menu_order":0,"comment_status":"closed","ping_status":"closed","template":"","meta":{"_acf_changed":false,"footnotes":""},"class_list":["post-11939","page","type-page","status-publish","hentry"],"acf":[],"_links":{"self":[{"href":"https:\/\/clients.websitespace.nl\/forkliftoccasion\/de\/wp-json\/wp\/v2\/pages\/11939","targetHints":{"allow":["GET"]}}],"collection":[{"href":"https:\/\/clients.websitespace.nl\/forkliftoccasion\/de\/wp-json\/wp\/v2\/pages"}],"about":[{"href":"https:\/\/clients.websitespace.nl\/forkliftoccasion\/de\/wp-json\/wp\/v2\/types\/page"}],"author":[{"embeddable":true,"href":"https:\/\/clients.websitespace.nl\/forkliftoccasion\/de\/wp-json\/wp\/v2\/users\/1"}],"replies":[{"embeddable":true,"href":"https:\/\/clients.websitespace.nl\/forkliftoccasion\/de\/wp-json\/wp\/v2\/comments?post=11939"}],"version-history":[{"count":1,"href":"https:\/\/clients.websitespace.nl\/forkliftoccasion\/de\/wp-json\/wp\/v2\/pages\/11939\/revisions"}],"predecessor-version":[{"id":11940,"href":"https:\/\/clients.websitespace.nl\/forkliftoccasion\/de\/wp-json\/wp\/v2\/pages\/11939\/revisions\/11940"}],"wp:attachment":[{"href":"https:\/\/clients.websitespace.nl\/forkliftoccasion\/de\/wp-json\/wp\/v2\/media?parent=11939"}],"curies":[{"name":"wp","href":"https:\/\/api.w.org\/{rel}","templated":true}]}}